{"id":4389,"date":"2024-08-22T16:26:55","date_gmt":"2024-08-22T16:26:55","guid":{"rendered":"https:\/\/alpitools.com\/chi-siamo\/"},"modified":"2024-12-05T17:59:11","modified_gmt":"2024-12-05T17:59:11","slug":"chi-siamo","status":"publish","type":"page","link":"https:\/\/alpitools.com\/it\/chi-siamo\/","title":{"rendered":"Chi siamo"},"content":{"rendered":"\t\t<div data-elementor-type=\"wp-page\" data-elementor-id=\"4389\" class=\"elementor elementor-4389 elementor-1678\" data-elementor-post-type=\"page\">\n\t\t\t\t\t\t<section class=\"elementor-section elementor-top-section elementor-element elementor-element-9fa519e elementor-section-content-bottom elementor-reverse-mobile elementor-section-height-min-height elementor-section-boxed elementor-section-height-default elementor-section-items-middle\" data-id=\"9fa519e\" data-element_type=\"section\" data-settings=\"{&quot;background_background&quot;:&quot;classic&quot;,&quot;background_motion_fx_motion_fx_scrolling&quot;:&quot;yes&quot;,&quot;background_motion_fx_translateY_effect&quot;:&quot;yes&quot;,&quot;background_motion_fx_translateY_speed&quot;:{&quot;unit&quot;:&quot;px&quot;,&quot;size&quot;:4,&quot;sizes&quot;:[]},&quot;background_motion_fx_translateY_affectedRange&quot;:{&quot;unit&quot;:&quot;%&quot;,&quot;size&quot;:&quot;&quot;,&quot;sizes&quot;:{&quot;start&quot;:0,&quot;end&quot;:100}},&quot;background_motion_fx_devices&quot;:[&quot;desktop&quot;,&quot;tablet&quot;,&quot;mobile&quot;]}\">\n\t\t\t\t\t\t\t<div class=\"elementor-background-overlay\"><\/div>\n\t\t\t\t\t\t\t<div class=\"elementor-container elementor-column-gap-no\">\n\t\t\t\t\t<div class=\"elementor-column elementor-col-100 elementor-top-column elementor-element elementor-element-3091706\" data-id=\"3091706\" data-element_type=\"column\">\n\t\t\t<div class=\"elementor-widget-wrap\">\n\t\t\t\t\t\t\t<\/div>\n\t\t<\/div>\n\t\t\t\t\t<\/div>\n\t\t<\/section>\n\t\t<div class=\"elementor-element elementor-element-b4f220f e-flex e-con-boxed e-con e-parent\" data-id=\"b4f220f\" data-element_type=\"container\" data-settings=\"{&quot;background_background&quot;:&quot;classic&quot;}\">\n\t\t\t\t\t<div class=\"e-con-inner\">\n\t\t\t\t<div class=\"elementor-element elementor-element-df417dc elementor-align-center elementor-widget elementor-widget-lottie\" data-id=\"df417dc\" data-element_type=\"widget\" data-settings=\"{&quot;source_json&quot;:{&quot;url&quot;:&quot;https:\\\/\\\/alpitools.com\\\/wp-content\\\/uploads\\\/2024\\\/08\\\/Animation-1725045943464.json&quot;,&quot;id&quot;:3535,&quot;size&quot;:&quot;&quot;,&quot;alt&quot;:&quot;&quot;,&quot;source&quot;:&quot;library&quot;},&quot;link_to&quot;:&quot;custom&quot;,&quot;custom_link&quot;:{&quot;url&quot;:&quot;#second&quot;,&quot;is_external&quot;:&quot;&quot;,&quot;nofollow&quot;:&quot;&quot;,&quot;custom_attributes&quot;:&quot;&quot;},&quot;loop&quot;:&quot;yes&quot;,&quot;source&quot;:&quot;media_file&quot;,&quot;caption_source&quot;:&quot;none&quot;,&quot;trigger&quot;:&quot;arriving_to_viewport&quot;,&quot;viewport&quot;:{&quot;unit&quot;:&quot;%&quot;,&quot;size&quot;:&quot;&quot;,&quot;sizes&quot;:{&quot;start&quot;:0,&quot;end&quot;:100}},&quot;play_speed&quot;:{&quot;unit&quot;:&quot;px&quot;,&quot;size&quot;:1,&quot;sizes&quot;:[]},&quot;start_point&quot;:{&quot;unit&quot;:&quot;%&quot;,&quot;size&quot;:0,&quot;sizes&quot;:[]},&quot;end_point&quot;:{&quot;unit&quot;:&quot;%&quot;,&quot;size&quot;:100,&quot;sizes&quot;:[]},&quot;renderer&quot;:&quot;svg&quot;}\" data-widget_type=\"lottie.default\">\n\t\t\t\t<div class=\"elementor-widget-container\">\n\t\t\t<a class=\"e-lottie__container__link\" href=\"#second\"><div class=\"e-lottie__container\"><div class=\"e-lottie__animation\"><\/div><\/div><\/a>\t\t<\/div>\n\t\t\t\t<\/div>\n\t\t\t\t\t<\/div>\n\t\t\t\t<\/div>\n\t\t<div class=\"elementor-element elementor-element-06e0050 e-flex e-con-boxed e-con e-parent\" data-id=\"06e0050\" data-element_type=\"container\" id=\"second\" data-settings=\"{&quot;background_background&quot;:&quot;gradient&quot;}\">\n\t\t\t\t\t<div class=\"e-con-inner\">\n\t\t<div class=\"elementor-element elementor-element-73dcbf6 e-con-full e-flex e-con e-child\" data-id=\"73dcbf6\" data-element_type=\"container\">\n\t\t\t\t<div class=\"elementor-element elementor-element-389ddde elementor-widget elementor-widget-image\" data-id=\"389ddde\" data-element_type=\"widget\" data-widget_type=\"image.default\">\n\t\t\t\t<div class=\"elementor-widget-container\">\n\t\t\t\t\t\t\t\t\t\t\t\t\t<img fetchpriority=\"high\" decoding=\"async\" width=\"411\" height=\"607\" src=\"https:\/\/alpitools.com\/wp-content\/uploads\/2024\/10\/Martin-Zemmer-003-1_prev_ui.png\" class=\"attachment-large size-large wp-image-4269\" alt=\"\" srcset=\"https:\/\/alpitools.com\/wp-content\/uploads\/2024\/10\/Martin-Zemmer-003-1_prev_ui.png 411w, https:\/\/alpitools.com\/wp-content\/uploads\/2024\/10\/Martin-Zemmer-003-1_prev_ui-203x300.png 203w\" sizes=\"(max-width: 411px) 100vw, 411px\" \/>\t\t\t\t\t\t\t\t\t\t\t\t\t<\/div>\n\t\t\t\t<\/div>\n\t\t\t\t<div class=\"elementor-element elementor-element-b7461c7 elementor-absolute elementor-widget elementor-widget-image\" data-id=\"b7461c7\" data-element_type=\"widget\" data-settings=\"{&quot;_position&quot;:&quot;absolute&quot;,&quot;motion_fx_motion_fx_scrolling&quot;:&quot;yes&quot;,&quot;motion_fx_translateY_effect&quot;:&quot;yes&quot;,&quot;motion_fx_translateY_direction&quot;:&quot;negative&quot;,&quot;motion_fx_translateY_speed&quot;:{&quot;unit&quot;:&quot;px&quot;,&quot;size&quot;:2,&quot;sizes&quot;:[]},&quot;motion_fx_translateX_effect&quot;:&quot;yes&quot;,&quot;motion_fx_translateX_speed&quot;:{&quot;unit&quot;:&quot;px&quot;,&quot;size&quot;:1,&quot;sizes&quot;:[]},&quot;motion_fx_translateY_affectedRange&quot;:{&quot;unit&quot;:&quot;%&quot;,&quot;size&quot;:&quot;&quot;,&quot;sizes&quot;:{&quot;start&quot;:0,&quot;end&quot;:100}},&quot;motion_fx_translateX_affectedRange&quot;:{&quot;unit&quot;:&quot;%&quot;,&quot;size&quot;:&quot;&quot;,&quot;sizes&quot;:{&quot;start&quot;:0,&quot;end&quot;:100}},&quot;motion_fx_devices&quot;:[&quot;desktop&quot;,&quot;tablet&quot;,&quot;mobile&quot;]}\" data-widget_type=\"image.default\">\n\t\t\t\t<div class=\"elementor-widget-container\">\n\t\t\t\t\t\t\t\t\t\t\t\t\t<img decoding=\"async\" width=\"601\" height=\"604\" src=\"https:\/\/alpitools.com\/wp-content\/uploads\/2024\/08\/501250001-LQ.png\" class=\"attachment-large size-large wp-image-3513\" alt=\"\" srcset=\"https:\/\/alpitools.com\/wp-content\/uploads\/2024\/08\/501250001-LQ.png 601w, https:\/\/alpitools.com\/wp-content\/uploads\/2024\/08\/501250001-LQ-300x300.png 300w, https:\/\/alpitools.com\/wp-content\/uploads\/2024\/08\/501250001-LQ-150x150.png 150w\" sizes=\"(max-width: 601px) 100vw, 601px\" \/>\t\t\t\t\t\t\t\t\t\t\t\t\t<\/div>\n\t\t\t\t<\/div>\n\t\t\t\t<\/div>\n\t\t<div class=\"elementor-element elementor-element-1d29fad e-con-full e-flex e-con e-child\" data-id=\"1d29fad\" data-element_type=\"container\">\n\t\t\t\t<div class=\"elementor-element elementor-element-4172ccf elementor-widget elementor-widget-heading\" data-id=\"4172ccf\" data-element_type=\"widget\" data-widget_type=\"heading.default\">\n\t\t\t\t<div class=\"elementor-widget-container\">\n\t\t\t<h2 class=\"elementor-heading-title elementor-size-default\">Chi sono<\/h2>\t\t<\/div>\n\t\t\t\t<\/div>\n\t\t\t\t<div class=\"elementor-element elementor-element-0d57f3d elementor-widget elementor-widget-text-editor\" data-id=\"0d57f3d\" data-element_type=\"widget\" data-widget_type=\"text-editor.default\">\n\t\t\t\t<div class=\"elementor-widget-container\">\n\t\t\t\t\t\t\t<p>Sono Martin Zemmer, la mente di Alpitools GmbH. Con una grande passione per l&#8217;ingegneria meccanica e la precisione, mi impegno a portare soluzioni innovative ai nostri clienti. I nostri prodotti, sviluppati per conto di aziende leader, sono perfettamente adatti alle esigenze di tutti coloro che lavorano nell&#8217;edilizia, nella pietra naturale e in molti altri settori. Sono entusiasta di far parte di questo mondo dinamico e di fornire ai nostri clienti strumenti di alta qualit\u00e0!   <\/p>\n\t\t\t\t\t\t<\/div>\n\t\t\t\t<\/div>\n\t\t\t\t<\/div>\n\t\t\t\t\t<\/div>\n\t\t\t\t<\/div>\n\t\t<div class=\"elementor-element elementor-element-8f8a8df e-flex e-con-boxed e-con e-parent\" data-id=\"8f8a8df\" data-element_type=\"container\" data-settings=\"{&quot;background_background&quot;:&quot;classic&quot;}\">\n\t\t\t\t\t<div class=\"e-con-inner\">\n\t\t<div class=\"elementor-element elementor-element-2e5b4cf e-con-full e-flex e-con e-child\" data-id=\"2e5b4cf\" data-element_type=\"container\">\n\t\t\t\t<div class=\"elementor-element elementor-element-e1c2dba elementor-widget elementor-widget-heading\" data-id=\"e1c2dba\" data-element_type=\"widget\" data-widget_type=\"heading.default\">\n\t\t\t\t<div class=\"elementor-widget-container\">\n\t\t\t<h2 class=\"elementor-heading-title elementor-size-default\">La nostra visione<\/h2>\t\t<\/div>\n\t\t\t\t<\/div>\n\t\t\t\t<div class=\"elementor-element elementor-element-59943f2 elementor-widget elementor-widget-text-editor\" data-id=\"59943f2\" data-element_type=\"widget\" data-widget_type=\"text-editor.default\">\n\t\t\t\t<div class=\"elementor-widget-container\">\n\t\t\t\t\t\t\t<p>La nostra visione \u00e8 quella di fornire a creativi e imprenditori gli strumenti migliori per realizzare i loro progetti in modo rapido ed efficiente. I nostri prodotti non sono semplici strumenti, ma chiavi per nuove possibilit\u00e0. Vogliamo che non solo puoi realizzare le tue idee con ogni strumento, ma che puoi anche svolgere il tuo lavoro con facilit\u00e0 e gioia.  <\/p>\n\t\t\t\t\t\t<\/div>\n\t\t\t\t<\/div>\n\t\t\t\t<\/div>\n\t\t<div class=\"elementor-element elementor-element-498395b e-con-full e-flex e-con e-child\" data-id=\"498395b\" data-element_type=\"container\">\n\t\t\t\t<div class=\"elementor-element elementor-element-1fcf0fb elementor-widget elementor-widget-image\" data-id=\"1fcf0fb\" data-element_type=\"widget\" data-widget_type=\"image.default\">\n\t\t\t\t<div class=\"elementor-widget-container\">\n\t\t\t\t\t\t\t\t\t\t\t\t\t<img decoding=\"async\" width=\"800\" height=\"536\" src=\"https:\/\/alpitools.com\/wp-content\/uploads\/2024\/09\/WhatsApp-Image-2024-09-09-at-22.45.55-1-1-1024x686.jpeg\" class=\"attachment-large size-large wp-image-3941\" alt=\"\" srcset=\"https:\/\/alpitools.com\/wp-content\/uploads\/2024\/09\/WhatsApp-Image-2024-09-09-at-22.45.55-1-1-1024x686.jpeg 1024w, https:\/\/alpitools.com\/wp-content\/uploads\/2024\/09\/WhatsApp-Image-2024-09-09-at-22.45.55-1-1-300x201.jpeg 300w, https:\/\/alpitools.com\/wp-content\/uploads\/2024\/09\/WhatsApp-Image-2024-09-09-at-22.45.55-1-1-768x514.jpeg 768w, https:\/\/alpitools.com\/wp-content\/uploads\/2024\/09\/WhatsApp-Image-2024-09-09-at-22.45.55-1-1.jpeg 1280w\" sizes=\"(max-width: 800px) 100vw, 800px\" \/>\t\t\t\t\t\t\t\t\t\t\t\t\t<\/div>\n\t\t\t\t<\/div>\n\t\t\t\t<\/div>\n\t\t\t\t\t<\/div>\n\t\t\t\t<\/div>\n\t\t<div class=\"elementor-element elementor-element-bc39920 e-flex e-con-boxed e-con e-parent\" data-id=\"bc39920\" data-element_type=\"container\" data-settings=\"{&quot;background_background&quot;:&quot;classic&quot;}\">\n\t\t\t\t\t<div class=\"e-con-inner\">\n\t\t<div class=\"elementor-element elementor-element-fc515ef e-con-full e-flex e-con e-child\" data-id=\"fc515ef\" data-element_type=\"container\">\n\t\t\t\t<div class=\"elementor-element elementor-element-19031eb elementor-widget elementor-widget-image\" data-id=\"19031eb\" data-element_type=\"widget\" data-widget_type=\"image.default\">\n\t\t\t\t<div class=\"elementor-widget-container\">\n\t\t\t\t\t\t\t\t\t\t\t\t\t<img loading=\"lazy\" decoding=\"async\" width=\"800\" height=\"534\" src=\"https:\/\/alpitools.com\/wp-content\/uploads\/2024\/09\/iStock-1467973047-1024x684.jpg\" class=\"attachment-large size-large wp-image-3961\" alt=\"\" srcset=\"https:\/\/alpitools.com\/wp-content\/uploads\/2024\/09\/iStock-1467973047-1024x684.jpg 1024w, https:\/\/alpitools.com\/wp-content\/uploads\/2024\/09\/iStock-1467973047-300x200.jpg 300w, https:\/\/alpitools.com\/wp-content\/uploads\/2024\/09\/iStock-1467973047-768x513.jpg 768w, https:\/\/alpitools.com\/wp-content\/uploads\/2024\/09\/iStock-1467973047-1536x1026.jpg 1536w, https:\/\/alpitools.com\/wp-content\/uploads\/2024\/09\/iStock-1467973047-2048x1368.jpg 2048w\" sizes=\"(max-width: 800px) 100vw, 800px\" \/>\t\t\t\t\t\t\t\t\t\t\t\t\t<\/div>\n\t\t\t\t<\/div>\n\t\t\t\t<\/div>\n\t\t<div class=\"elementor-element elementor-element-a13404e e-con-full e-flex e-con e-child\" data-id=\"a13404e\" data-element_type=\"container\">\n\t\t\t\t<div class=\"elementor-element elementor-element-2603f1d elementor-widget elementor-widget-heading\" data-id=\"2603f1d\" data-element_type=\"widget\" data-widget_type=\"heading.default\">\n\t\t\t\t<div class=\"elementor-widget-container\">\n\t\t\t<h2 class=\"elementor-heading-title elementor-size-default\">La nostra missione<\/h2>\t\t<\/div>\n\t\t\t\t<\/div>\n\t\t\t\t<div class=\"elementor-element elementor-element-2899f31 elementor-widget elementor-widget-text-editor\" data-id=\"2899f31\" data-element_type=\"widget\" data-widget_type=\"text-editor.default\">\n\t\t\t\t<div class=\"elementor-widget-container\">\n\t\t\t\t\t\t\t<p>Siamo guidati dalla nostra passione per la qualit\u00e0 e l&#8217;eAicienza. Ogni prodotto che offriamo \u00e8 selezionato con cura e soddisfa gli standard pi\u00f9 elevati, in modo che puoi concentrarti su ci\u00f2 che \u00e8 importante: il tuo lavoro. Crediamo che gli strumenti migliori non solo ti aiutano ad arrivare pi\u00f9 velocemente alla destinazione, ma ti rendano anche orgoglioso di ci\u00f2 che hai creato. Insieme, stiamo creando un mondo di ispirazione in cui ogni imprenditore pu\u00f2 trovare il supporto di cui ha bisogno per avere successo.   <\/p>\n\t\t\t\t\t\t<\/div>\n\t\t\t\t<\/div>\n\t\t\t\t<\/div>\n\t\t\t\t\t<\/div>\n\t\t\t\t<\/div>\n\t\t<div class=\"elementor-element elementor-element-8c48cc8 e-flex e-con-boxed e-con e-parent\" data-id=\"8c48cc8\" data-element_type=\"container\" data-settings=\"{&quot;background_background&quot;:&quot;classic&quot;}\">\n\t\t\t\t\t<div class=\"e-con-inner\">\n\t\t<div class=\"elementor-element elementor-element-39a3635 e-flex e-con-boxed e-con e-child\" data-id=\"39a3635\" data-element_type=\"container\">\n\t\t\t\t\t<div class=\"e-con-inner\">\n\t\t\t\t<div class=\"elementor-element elementor-element-1ad2520 elementor-widget elementor-widget-text-editor\" data-id=\"1ad2520\" data-element_type=\"widget\" data-widget_type=\"text-editor.default\">\n\t\t\t\t<div class=\"elementor-widget-container\">\n\t\t\t\t\t\t\t<p>Forse siamo nuovi nel settore, ma portiamo idee fresche e passione per i nostri prodotti. <br \/>Affidatevi al nostro know-how e alla nostra esperienza: siamo i partner giusti per i tuoi <br \/>progetti! Con entusiasmo costante, siamo pronti a guidarti sulla strada del successo. I <br \/>nostri utensili diamantati di alta qualit\u00e0 sono stati sviluppati appositamente per facilitare il <br \/>tuo lavoro e aiutarti a raggiungere i tuoi obiettivi. Dacci la possibilit\u00e0 di convincerti della <br \/>qualit\u00e0 e dell&#8217;eAicienza dei nostri prodotti. Insieme raggiungeremo grandi traguardi: puoi <br \/>contare su di noi!     <\/p>\n\t\t\t\t\t\t<\/div>\n\t\t\t\t<\/div>\n\t\t\t\t\t<\/div>\n\t\t\t\t<\/div>\n\t\t\t\t\t<\/div>\n\t\t\t\t<\/div>\n\t\t<div class=\"elementor-element elementor-element-6e4e287 e-flex e-con-boxed e-con e-parent\" data-id=\"6e4e287\" data-element_type=\"container\" data-settings=\"{&quot;background_background&quot;:&quot;gradient&quot;}\">\n\t\t\t\t\t<div class=\"e-con-inner\">\n\t\t\t\t<div class=\"elementor-element elementor-element-e8617d0 elementor-headline--style-rotate elementor-widget elementor-widget-animated-headline\" data-id=\"e8617d0\" data-element_type=\"widget\" data-settings=\"{&quot;headline_style&quot;:&quot;rotate&quot;,&quot;animation_type&quot;:&quot;drop-in&quot;,&quot;rotating_text&quot;:&quot;preciso. \\naffidabile. \\ninnovativo. &quot;,&quot;rotate_iteration_delay&quot;:1500,&quot;loop&quot;:&quot;yes&quot;}\" data-widget_type=\"animated-headline.default\">\n\t\t\t\t<div class=\"elementor-widget-container\">\n\t\t\t\t\t<h3 class=\"elementor-headline elementor-headline-animation-type-drop-in\">\n\t\t\t\t\t<span class=\"elementor-headline-plain-text elementor-headline-text-wrapper\">I nostri strumenti sono sempre...<\/span>\n\t\t\t\t<span class=\"elementor-headline-dynamic-wrapper elementor-headline-text-wrapper\">\n\t\t\t\t\t<span class=\"elementor-headline-dynamic-text elementor-headline-text-active\">\n\t\t\t\tpreciso.&nbsp;\t\t\t<\/span>\n\t\t\t\t\t<span class=\"elementor-headline-dynamic-text\">\n\t\t\t\taffidabile.&nbsp;\t\t\t<\/span>\n\t\t\t\t\t<span class=\"elementor-headline-dynamic-text\">\n\t\t\t\tinnovativo.&nbsp;\t\t\t<\/span>\n\t\t\t\t\t\t<\/span>\n\t\t\t\t<\/h3>\n\t\t\t\t<\/div>\n\t\t\t\t<\/div>\n\t\t\t\t\t<\/div>\n\t\t\t\t<\/div>\n\t\t\t\t<\/div>\n\t\t","protected":false},"excerpt":{"rendered":"<p>Chi sono Sono Martin Zemmer, la mente di Alpitools GmbH. Con una grande passione per l&#8217;ingegneria meccanica e la precisione, mi impegno a portare soluzioni innovative ai nostri clienti. I nostri prodotti, sviluppati per conto di aziende leader, sono perfettamente adatti alle esigenze di tutti coloro che lavorano nell&#8217;edilizia, nella pietra naturale e in molti [&hellip;]<\/p>\n","protected":false},"author":1,"featured_media":0,"parent":0,"menu_order":0,"comment_status":"closed","ping_status":"closed","template":"elementor_header_footer","meta":{"footnotes":""},"class_list":["post-4389","page","type-page","status-publish","hentry"],"yoast_head":"<!-- This site is optimized with the Yoast SEO plugin v24.0 - https:\/\/yoast.com\/wordpress\/plugins\/seo\/ -->\n<title>Chi siamo - Alpitools<\/title>\n<meta name=\"robots\" content=\"index, follow, max-snippet:-1, max-image-preview:large, max-video-preview:-1\" \/>\n<link rel=\"canonical\" href=\"https:\/\/alpitools.com\/uber-uns\/\" \/>\n<meta property=\"og:locale\" content=\"it_IT\" \/>\n<meta property=\"og:type\" content=\"article\" \/>\n<meta property=\"og:title\" content=\"Chi siamo - Alpitools\" \/>\n<meta property=\"og:description\" content=\"Chi sono Sono Martin Zemmer, la mente di Alpitools GmbH. Con una grande passione per l&#8217;ingegneria meccanica e la precisione, mi impegno a portare soluzioni innovative ai nostri clienti. I nostri prodotti, sviluppati per conto di aziende leader, sono perfettamente adatti alle esigenze di tutti coloro che lavorano nell&#8217;edilizia, nella pietra naturale e in molti [&hellip;]\" \/>\n<meta property=\"og:url\" content=\"https:\/\/alpitools.com\/uber-uns\/\" \/>\n<meta property=\"og:site_name\" content=\"Alpitools\" \/>\n<meta property=\"article:modified_time\" content=\"2024-12-05T17:59:11+00:00\" \/>\n<meta property=\"og:image\" content=\"https:\/\/alpitools.com\/wp-content\/uploads\/2024\/10\/Martin-Zemmer-003-1_prev_ui.png\" \/>\n\t<meta property=\"og:image:width\" content=\"411\" \/>\n\t<meta property=\"og:image:height\" content=\"607\" \/>\n\t<meta property=\"og:image:type\" content=\"image\/png\" \/>\n<meta name=\"twitter:card\" content=\"summary_large_image\" \/>\n<meta name=\"twitter:label1\" content=\"Tempo di lettura stimato\" \/>\n\t<meta name=\"twitter:data1\" content=\"3 minuti\" \/>\n<script type=\"application\/ld+json\" class=\"yoast-schema-graph\">{\"@context\":\"https:\/\/schema.org\",\"@graph\":[{\"@type\":\"WebPage\",\"@id\":\"https:\/\/alpitools.com\/uber-uns\/\",\"url\":\"https:\/\/alpitools.com\/uber-uns\/\",\"name\":\"Chi siamo - Alpitools\",\"isPartOf\":{\"@id\":\"https:\/\/alpitools.com\/#website\"},\"primaryImageOfPage\":{\"@id\":\"https:\/\/alpitools.com\/uber-uns\/#primaryimage\"},\"image\":{\"@id\":\"https:\/\/alpitools.com\/uber-uns\/#primaryimage\"},\"thumbnailUrl\":\"https:\/\/alpitools.com\/wp-content\/uploads\/2024\/10\/Martin-Zemmer-003-1_prev_ui.png\",\"datePublished\":\"2024-08-22T16:26:55+00:00\",\"dateModified\":\"2024-12-05T17:59:11+00:00\",\"breadcrumb\":{\"@id\":\"https:\/\/alpitools.com\/uber-uns\/#breadcrumb\"},\"inLanguage\":\"it-IT\",\"potentialAction\":[{\"@type\":\"ReadAction\",\"target\":[\"https:\/\/alpitools.com\/uber-uns\/\"]}]},{\"@type\":\"ImageObject\",\"inLanguage\":\"it-IT\",\"@id\":\"https:\/\/alpitools.com\/uber-uns\/#primaryimage\",\"url\":\"https:\/\/alpitools.com\/wp-content\/uploads\/2024\/10\/Martin-Zemmer-003-1_prev_ui.png\",\"contentUrl\":\"https:\/\/alpitools.com\/wp-content\/uploads\/2024\/10\/Martin-Zemmer-003-1_prev_ui.png\"},{\"@type\":\"BreadcrumbList\",\"@id\":\"https:\/\/alpitools.com\/uber-uns\/#breadcrumb\",\"itemListElement\":[{\"@type\":\"ListItem\",\"position\":1,\"name\":\"Home\",\"item\":\"https:\/\/alpitools.com\/it\/home\/\"},{\"@type\":\"ListItem\",\"position\":2,\"name\":\"Chi siamo\"}]},{\"@type\":\"WebSite\",\"@id\":\"https:\/\/alpitools.com\/#website\",\"url\":\"https:\/\/alpitools.com\/\",\"name\":\"Alpitools\",\"description\":\"Ihr Partner f\u00fcr Diamant- und Werkzeugl\u00f6sungen\",\"publisher\":{\"@id\":\"https:\/\/alpitools.com\/#organization\"},\"potentialAction\":[{\"@type\":\"SearchAction\",\"target\":{\"@type\":\"EntryPoint\",\"urlTemplate\":\"https:\/\/alpitools.com\/?s={search_term_string}\"},\"query-input\":{\"@type\":\"PropertyValueSpecification\",\"valueRequired\":true,\"valueName\":\"search_term_string\"}}],\"inLanguage\":\"it-IT\"},{\"@type\":\"Organization\",\"@id\":\"https:\/\/alpitools.com\/#organization\",\"name\":\"Alpitools\",\"url\":\"https:\/\/alpitools.com\/\",\"logo\":{\"@type\":\"ImageObject\",\"inLanguage\":\"it-IT\",\"@id\":\"https:\/\/alpitools.com\/#\/schema\/logo\/image\/\",\"url\":\"https:\/\/alpitools.com\/wp-content\/uploads\/2024\/08\/Alpitools-Logo-1.png\",\"contentUrl\":\"https:\/\/alpitools.com\/wp-content\/uploads\/2024\/08\/Alpitools-Logo-1.png\",\"width\":310,\"height\":80,\"caption\":\"Alpitools\"},\"image\":{\"@id\":\"https:\/\/alpitools.com\/#\/schema\/logo\/image\/\"}}]}<\/script>\n<!-- \/ Yoast SEO plugin. -->","yoast_head_json":{"title":"Chi siamo - Alpitools","robots":{"index":"index","follow":"follow","max-snippet":"max-snippet:-1","max-image-preview":"max-image-preview:large","max-video-preview":"max-video-preview:-1"},"canonical":"https:\/\/alpitools.com\/uber-uns\/","og_locale":"it_IT","og_type":"article","og_title":"Chi siamo - Alpitools","og_description":"Chi sono Sono Martin Zemmer, la mente di Alpitools GmbH. Con una grande passione per l&#8217;ingegneria meccanica e la precisione, mi impegno a portare soluzioni innovative ai nostri clienti. I nostri prodotti, sviluppati per conto di aziende leader, sono perfettamente adatti alle esigenze di tutti coloro che lavorano nell&#8217;edilizia, nella pietra naturale e in molti [&hellip;]","og_url":"https:\/\/alpitools.com\/uber-uns\/","og_site_name":"Alpitools","article_modified_time":"2024-12-05T17:59:11+00:00","og_image":[{"width":411,"height":607,"url":"https:\/\/alpitools.com\/wp-content\/uploads\/2024\/10\/Martin-Zemmer-003-1_prev_ui.png","type":"image\/png"}],"twitter_card":"summary_large_image","twitter_misc":{"Tempo di lettura stimato":"3 minuti"},"schema":{"@context":"https:\/\/schema.org","@graph":[{"@type":"WebPage","@id":"https:\/\/alpitools.com\/uber-uns\/","url":"https:\/\/alpitools.com\/uber-uns\/","name":"Chi siamo - Alpitools","isPartOf":{"@id":"https:\/\/alpitools.com\/#website"},"primaryImageOfPage":{"@id":"https:\/\/alpitools.com\/uber-uns\/#primaryimage"},"image":{"@id":"https:\/\/alpitools.com\/uber-uns\/#primaryimage"},"thumbnailUrl":"https:\/\/alpitools.com\/wp-content\/uploads\/2024\/10\/Martin-Zemmer-003-1_prev_ui.png","datePublished":"2024-08-22T16:26:55+00:00","dateModified":"2024-12-05T17:59:11+00:00","breadcrumb":{"@id":"https:\/\/alpitools.com\/uber-uns\/#breadcrumb"},"inLanguage":"it-IT","potentialAction":[{"@type":"ReadAction","target":["https:\/\/alpitools.com\/uber-uns\/"]}]},{"@type":"ImageObject","inLanguage":"it-IT","@id":"https:\/\/alpitools.com\/uber-uns\/#primaryimage","url":"https:\/\/alpitools.com\/wp-content\/uploads\/2024\/10\/Martin-Zemmer-003-1_prev_ui.png","contentUrl":"https:\/\/alpitools.com\/wp-content\/uploads\/2024\/10\/Martin-Zemmer-003-1_prev_ui.png"},{"@type":"BreadcrumbList","@id":"https:\/\/alpitools.com\/uber-uns\/#breadcrumb","itemListElement":[{"@type":"ListItem","position":1,"name":"Home","item":"https:\/\/alpitools.com\/it\/home\/"},{"@type":"ListItem","position":2,"name":"Chi siamo"}]},{"@type":"WebSite","@id":"https:\/\/alpitools.com\/#website","url":"https:\/\/alpitools.com\/","name":"Alpitools","description":"Ihr Partner f\u00fcr Diamant- und Werkzeugl\u00f6sungen","publisher":{"@id":"https:\/\/alpitools.com\/#organization"},"potentialAction":[{"@type":"SearchAction","target":{"@type":"EntryPoint","urlTemplate":"https:\/\/alpitools.com\/?s={search_term_string}"},"query-input":{"@type":"PropertyValueSpecification","valueRequired":true,"valueName":"search_term_string"}}],"inLanguage":"it-IT"},{"@type":"Organization","@id":"https:\/\/alpitools.com\/#organization","name":"Alpitools","url":"https:\/\/alpitools.com\/","logo":{"@type":"ImageObject","inLanguage":"it-IT","@id":"https:\/\/alpitools.com\/#\/schema\/logo\/image\/","url":"https:\/\/alpitools.com\/wp-content\/uploads\/2024\/08\/Alpitools-Logo-1.png","contentUrl":"https:\/\/alpitools.com\/wp-content\/uploads\/2024\/08\/Alpitools-Logo-1.png","width":310,"height":80,"caption":"Alpitools"},"image":{"@id":"https:\/\/alpitools.com\/#\/schema\/logo\/image\/"}}]}},"_links":{"self":[{"href":"https:\/\/alpitools.com\/it\/wp-json\/wp\/v2\/pages\/4389","targetHints":{"allow":["GET"]}}],"collection":[{"href":"https:\/\/alpitools.com\/it\/wp-json\/wp\/v2\/pages"}],"about":[{"href":"https:\/\/alpitools.com\/it\/wp-json\/wp\/v2\/types\/page"}],"author":[{"embeddable":true,"href":"https:\/\/alpitools.com\/it\/wp-json\/wp\/v2\/users\/1"}],"replies":[{"embeddable":true,"href":"https:\/\/alpitools.com\/it\/wp-json\/wp\/v2\/comments?post=4389"}],"version-history":[{"count":10,"href":"https:\/\/alpitools.com\/it\/wp-json\/wp\/v2\/pages\/4389\/revisions"}],"predecessor-version":[{"id":4475,"href":"https:\/\/alpitools.com\/it\/wp-json\/wp\/v2\/pages\/4389\/revisions\/4475"}],"wp:attachment":[{"href":"https:\/\/alpitools.com\/it\/wp-json\/wp\/v2\/media?parent=4389"}],"curies":[{"name":"wp","href":"https:\/\/api.w.org\/{rel}","templated":true}]}}