{"id":137,"date":"2024-06-10T09:10:41","date_gmt":"2024-06-10T09:10:41","guid":{"rendered":"https:\/\/alpitools.com\/protezione-dei-dati\/"},"modified":"2024-08-31T13:09:10","modified_gmt":"2024-08-31T13:09:10","slug":"protezione-dei-dati","status":"publish","type":"page","link":"https:\/\/alpitools.com\/it\/protezione-dei-dati\/","title":{"rendered":"Protezione dei dati"},"content":{"rendered":"\t\t<div data-elementor-type=\"wp-page\" data-elementor-id=\"137\" class=\"elementor elementor-137 elementor-113\" data-elementor-post-type=\"page\">\n\t\t\t\t<div class=\"elementor-element elementor-element-3dd27d6 e-flex e-con-boxed e-con e-parent\" data-id=\"3dd27d6\" data-element_type=\"container\" data-settings=\"{&quot;background_background&quot;:&quot;gradient&quot;}\">\n\t\t\t\t\t<div class=\"e-con-inner\">\n\t\t\t\t<div class=\"elementor-element elementor-element-6234c6a elementor-widget elementor-widget-html\" data-id=\"6234c6a\" data-element_type=\"widget\" data-widget_type=\"html.default\">\n\t\t\t\t<div class=\"elementor-widget-container\">\n\t\t\t<div>\n\n\n    <meta charset=\"UTF-8\">\n    <meta name=\"viewport\" content=\"width=device-width, initial-scale=1.0\">\n    <title>Informativa sulla privacy<\/title>\n\n\n    <h1>Informativa sulla privacy<\/h1>\n    <p>Grazie mille per l'interesse dimostrato nei confronti della nostra azienda.  <span class=\"website-name\">{WEBSITE_NAME}La protezione dei dati ha una priorit\u00e0 particolarmente alta per la gestione del<\/span> <span class=\"website-name\">{ }<\/span>. <span class=\"website-name\">{WEBSITE_NAME}L'utilizzo del sito web<\/span> <span class=\"website-name\">{ }<\/span> \u00e8 generalmente possibile senza fornire alcun dato personale. Tuttavia, se un soggetto interessato desidera usufruire di servizi speciali della nostra azienda tramite il nostro sito web, potrebbe essere necessario trattare i dati personali. Se il trattamento dei dati personali \u00e8 necessario e non esiste una base legale per tale trattamento, in genere otteniamo il consenso dell'interessato.<\/p>\n\n    <h2>1. Nome e indirizzo del responsabile del trattamento<\/h2>\n    <p>Il titolare del trattamento ai sensi del Regolamento Generale sulla Protezione dei Dati (GDPR) \u00e8<\/p>\n    <p><span class=\"website-name\">{WEBSITE_NAME}{ }<\/span><br>\n    <a href=\"#\" class=\"website-url\">{WEBSITE_URL}{ }<\/a><\/p>\n\n    <h2>2. Raccolta di dati e informazioni generali<\/h2>\n    <p> <span class=\"website-name\">{WEBSITE_NAME}Il sito web di<\/span> <span class=\"website-name\">{ }<\/span> raccoglie una serie di dati e informazioni generali quando un soggetto o un sistema automatizzato richiama il sito web. Questi dati e informazioni generali vengono memorizzati nei file di log del server. Possono essere registrati (1) i tipi e le versioni di browser utilizzati, (2) il sistema operativo utilizzato dal sistema di accesso, (3) il sito web da cui un sistema di accesso accede al nostro sito web (il cosiddetto referrer), (4) i siti secondari a cui si accede tramite un sistema di accesso sul nostro sito web, (5) la data e l'ora di accesso al sito web, (6) un indirizzo di protocollo internet (indirizzo IP), (7) il provider di servizi internet del sistema di accesso e (8) altri dati e informazioni simili utilizzati a fini di sicurezza in caso di attacchi ai nostri sistemi informatici.<\/p>\n    <p> <span class=\"website-name\">{WEBSITE_NAME}Nell'utilizzare questi dati e informazioni generali, il<\/span> <span class=\"website-name\">{ }<\/span> non trae alcuna conclusione sull'interessato. Tali informazioni sono piuttosto necessarie per (1) fornire correttamente i contenuti del nostro sito web, (2) ottimizzare i contenuti del nostro sito web e la relativa pubblicit\u00e0, (3) garantire la funzionalit\u00e0 a lungo termine dei nostri sistemi informatici e della tecnologia del nostro sito web e (4) fornire alle autorit\u00e0 preposte all'applicazione della legge le informazioni necessarie per l'azione penale in caso di attacco informatico. <span class=\"website-name\">{WEBSITE_NAME}Pertanto, la<\/span> <span class=\"website-name\">{ }<\/span> analizza in modo statistico i dati e le informazioni raccolte in modo anonimo, con l'obiettivo di aumentare la protezione dei dati e la sicurezza dei dati della nostra impresa e di garantire un livello ottimale di protezione dei dati personali che trattiamo. I dati anonimi dei file di log del server vengono memorizzati separatamente da tutti i dati personali forniti dall'interessato.<\/p>\n\n    <h2>3. Possibilit\u00e0 di contatto tramite il sito web<\/h2>\n    <p> <span class=\"website-name\">{WEBSITE_NAME}Il sito web del<\/span> <span class=\"website-name\">{ }<\/span> contiene informazioni che consentono un rapido contatto elettronico con la nostra azienda, nonch\u00e9 una comunicazione diretta con noi, che include anche un indirizzo generale della cosiddetta posta elettronica (indirizzo e-mail). Se un interessato contatta il responsabile del trattamento via e-mail o tramite un modulo di contatto, i dati personali trasmessi dall'interessato vengono memorizzati automaticamente. Tali dati personali trasmessi su base volontaria da un interessato al responsabile del trattamento sono conservati ai fini del trattamento o del contatto con l'interessato. Questi dati personali non saranno trasmessi a terzi.<\/p>\n\n    <h2>4. Cancellazione e blocco di routine dei dati personali<\/h2>\n    <p>Il responsabile del trattamento tratter\u00e0 e conserver\u00e0 i dati personali dell'interessato solo per il periodo necessario a raggiungere lo scopo della conservazione, o nella misura in cui ci\u00f2 \u00e8 concesso dal legislatore europeo o da altri legislatori in leggi o regolamenti a cui il responsabile del trattamento \u00e8 soggetto.<\/p>\n    <p>Se lo scopo della conservazione non \u00e8 pi\u00f9 valido o se scade un periodo di conservazione prescritto dal legislatore europeo o da un altro legislatore competente, i dati personali saranno bloccati o cancellati di routine in conformit\u00e0 alle disposizioni di legge.<\/p>\n\n    <h2>5. Diritti dell'interessato<\/h2>\n    <p>Ogni interessato ha il diritto di ottenere dal responsabile del trattamento la conferma che sia o meno in corso un trattamento di dati personali che lo riguardano. In tal caso, l'interessato ha il diritto di accedere a tali dati personali e alle seguenti informazioni:<\/p>\n    <ul>\n        <li>le finalit\u00e0 del trattamento<\/li>\n        <li>le categorie di dati personali trattati<\/li>\n        <li>i destinatari o le categorie di destinatari a cui i dati personali sono stati o saranno divulgati<\/li>\n        <li>ove possibile, il periodo previsto per la conservazione dei dati personali o, se non \u00e8 possibile, i criteri utilizzati per determinare tale periodo<\/li>\n        <li>l'esistenza del diritto di richiedere al responsabile del trattamento la rettifica o la cancellazione dei dati personali o la limitazione del trattamento dei dati personali che riguardano l'interessato o di opporsi a tale trattamento<\/li>\n        <li>l'esistenza di un diritto a presentare un reclamo presso un'autorit\u00e0 di vigilanza<\/li>\n        <li>se i dati personali non sono stati raccolti dall'interessato: Tutte le informazioni disponibili sull'origine dei dati<\/li>\n        <li>l'esistenza di un processo decisionale automatizzato, compresa la profilazione, di cui all'articolo 22, paragrafi 1 e 4, del GDPR e, almeno in questi casi, informazioni significative sulla logica coinvolta, nonch\u00e9 l'importanza e le conseguenze previste di tale trattamento per l'interessato<\/li>\n    <\/ul>\n\n    <h2>6. Base giuridica del trattamento<\/h2>\n    <p>Art. 6 I lit. a GDPR serve alla nostra azienda come base giuridica per le operazioni di trattamento per le quali otteniamo il consenso per una specifica finalit\u00e0 di trattamento. Se il trattamento dei dati personali \u00e8 necessario per l'esecuzione di un contratto di cui l'interessato \u00e8 parte, come nel caso, ad esempio, in cui le operazioni di trattamento sono necessarie per la fornitura di beni o per fornire qualsiasi altro servizio o corrispettivo, il trattamento si basa sull'articolo 6 I lit. b GDPR. Lo stesso vale per le operazioni di trattamento necessarie all'attuazione di misure precontrattuali, ad esempio in caso di richieste di informazioni sui nostri prodotti o servizi. Se la nostra azienda \u00e8 soggetta a un obbligo legale che richiede il trattamento dei dati personali, come ad esempio per l'adempimento di obblighi fiscali, il trattamento si basa sull'Art. 6 I lit. f GDPR. c GDPR. In rari casi, il trattamento dei dati personali pu\u00f2 essere necessario per proteggere gli interessi vitali dell'interessato o di un'altra persona fisica. In questo caso, il trattamento si baserebbe sull'Art. 6 I lit. d GDPR si basano. In definitiva, le operazioni di trattamento potrebbero basarsi sull'Art. 6 I lit. f GDPR si basano. Questa base giuridica viene utilizzata per i trattamenti che non rientrano in nessuna delle basi giuridiche sopra citate se il trattamento \u00e8 necessario ai fini dei legittimi interessi perseguiti dalla nostra azienda o da una terza parte, a meno che su tali interessi prevalgano gli interessi o i diritti e le libert\u00e0 fondamentali dell'interessato che richiedono la protezione dei dati personali. Siamo autorizzati a svolgere tali operazioni di trattamento in particolare perch\u00e9 sono state specificamente indicate dal legislatore europeo. A questo proposito, ha ritenuto che si possa ipotizzare un interesse legittimo se l'interessato \u00e8 un cliente del titolare del trattamento (considerando 47 frase 2 GDPR).<\/p>\n\n    <h2>7. Interessi legittimi al trattamento perseguiti dal responsabile del trattamento o da una terza parte<\/h2>\n    <p>Se il trattamento dei dati personali si basa sull'articolo 6 I lit. f GDPR, il nostro legittimo interesse \u00e8 lo svolgimento delle nostre attivit\u00e0 commerciali a beneficio del benessere di tutti i nostri dipendenti e dei nostri azionisti.<\/p>\n\n    <h2>8. Durata della conservazione dei dati personali<\/h2>\n    <p>Il criterio per la durata della conservazione dei dati personali \u00e8 il rispettivo periodo di conservazione previsto dalla legge. Allo scadere di questo periodo, i dati corrispondenti vengono cancellati di routine, a condizione che non siano pi\u00f9 necessari per l'adempimento del contratto o per l'avvio del contratto.<\/p>\n\n    <h2>9. Disposizioni legali o contrattuali per il conferimento dei dati personali; necessit\u00e0 per la conclusione del contratto; obbligo dell'interessato di conferire i dati personali; possibili conseguenze del mancato conferimento<\/h2>\n    <p>Desideriamo informarti che il conferimento dei dati personali \u00e8 in parte richiesto dalla legge (ad es. norme fiscali) o pu\u00f2 derivare anche da norme contrattuali (ad es. informazioni sul partner contrattuale). A volte, per la conclusione di un contratto, pu\u00f2 essere necessario che l'interessato ci fornisca dei dati personali che dovranno essere successivamente trattati da noi. Ad esempio, l'interessato \u00e8 obbligato a fornirci i dati personali se la nostra azienda conclude un contratto con lui. Il mancato conferimento dei dati personali comporterebbe l'impossibilit\u00e0 di concludere il contratto con l'interessato. Prima di fornire i dati personali, l'interessato deve contattare uno dei nostri dipendenti. Il nostro collaboratore informer\u00e0 l'interessato, caso per caso, se la fornitura dei dati personali \u00e8 richiesta dalla legge o dal contratto o se \u00e8 necessaria per la conclusione del contratto, se esiste un obbligo di fornire i dati personali e quali sarebbero le conseguenze se i dati personali non venissero forniti.<\/p>\n\n    <h2>10. Esistenza di un processo decisionale automatizzato<\/h2>\n    <p>In quanto azienda responsabile, non utilizziamo il processo decisionale automatizzato o la profilazione.<\/p>\n\n    <script>\n        document.addEventListener(\"DOMContentLoaded\", function() {\n            \/\/ Aktuelle Basis-URL ermitteln\n            var currentUrl = window.location.origin;\n            var websiteName = \"Meine Webseite\";  \/\/ Hier kannst du den Namen deiner Webseite eingeben\n\n            \/\/ Platzhalter im Dokument ersetzen\n            document.querySelectorAll('.website-name').forEach(function(element) {\n                element.textContent = websiteName;\n            });\n\n            document.querySelectorAll('.website-url').forEach(function(element) {\n                element.textContent = currentUrl;\n                element.href = currentUrl;\n            });\n        });\n    <\/script>\n\n\n<\/div>\t\t<\/div>\n\t\t\t\t<\/div>\n\t\t\t\t\t<\/div>\n\t\t\t\t<\/div>\n\t\t\t\t<\/div>\n\t\t","protected":false},"excerpt":{"rendered":"<p>Informativa sulla privacy Informativa sulla privacy Grazie mille per l&#8217;interesse dimostrato nei confronti della nostra azienda. {WEBSITE_NAME}La protezione dei dati ha una priorit\u00e0 particolarmente alta per la gestione del { }. {WEBSITE_NAME}L&#8217;utilizzo del sito web { } \u00e8 generalmente possibile senza fornire alcun dato personale. Tuttavia, se un soggetto interessato desidera usufruire di servizi speciali [&hellip;]<\/p>\n","protected":false},"author":1,"featured_media":0,"parent":0,"menu_order":0,"comment_status":"closed","ping_status":"closed","template":"","meta":{"footnotes":""},"class_list":["post-137","page","type-page","status-publish","hentry"],"yoast_head":"<!-- This site is optimized with the Yoast SEO plugin v24.0 - https:\/\/yoast.com\/wordpress\/plugins\/seo\/ -->\n<title>Protezione dei dati - Alpitools<\/title>\n<meta name=\"robots\" content=\"index, follow, max-snippet:-1, max-image-preview:large, max-video-preview:-1\" \/>\n<link rel=\"canonical\" href=\"https:\/\/alpitools.com\/it\/protezione-dei-dati\/\" \/>\n<meta property=\"og:locale\" content=\"it_IT\" \/>\n<meta property=\"og:type\" content=\"article\" \/>\n<meta property=\"og:title\" content=\"Protezione dei dati - Alpitools\" \/>\n<meta property=\"og:description\" content=\"Informativa sulla privacy Informativa sulla privacy Grazie mille per l&#8217;interesse dimostrato nei confronti della nostra azienda. {WEBSITE_NAME}La protezione dei dati ha una priorit\u00e0 particolarmente alta per la gestione del { }. {WEBSITE_NAME}L&#8217;utilizzo del sito web { } \u00e8 generalmente possibile senza fornire alcun dato personale. Tuttavia, se un soggetto interessato desidera usufruire di servizi speciali [&hellip;]\" \/>\n<meta property=\"og:url\" content=\"https:\/\/alpitools.com\/it\/protezione-dei-dati\/\" \/>\n<meta property=\"og:site_name\" content=\"Alpitools\" \/>\n<meta property=\"article:modified_time\" content=\"2024-08-31T13:09:10+00:00\" \/>\n<meta name=\"twitter:card\" content=\"summary_large_image\" \/>\n<meta name=\"twitter:label1\" content=\"Tempo di lettura stimato\" \/>\n\t<meta name=\"twitter:data1\" content=\"8 minuti\" \/>\n<script type=\"application\/ld+json\" class=\"yoast-schema-graph\">{\"@context\":\"https:\/\/schema.org\",\"@graph\":[{\"@type\":\"WebPage\",\"@id\":\"https:\/\/alpitools.com\/it\/protezione-dei-dati\/\",\"url\":\"https:\/\/alpitools.com\/it\/protezione-dei-dati\/\",\"name\":\"Protezione dei dati - Alpitools\",\"isPartOf\":{\"@id\":\"https:\/\/alpitools.com\/#website\"},\"datePublished\":\"2024-06-10T09:10:41+00:00\",\"dateModified\":\"2024-08-31T13:09:10+00:00\",\"breadcrumb\":{\"@id\":\"https:\/\/alpitools.com\/it\/protezione-dei-dati\/#breadcrumb\"},\"inLanguage\":\"it-IT\",\"potentialAction\":[{\"@type\":\"ReadAction\",\"target\":[\"https:\/\/alpitools.com\/it\/protezione-dei-dati\/\"]}]},{\"@type\":\"BreadcrumbList\",\"@id\":\"https:\/\/alpitools.com\/it\/protezione-dei-dati\/#breadcrumb\",\"itemListElement\":[{\"@type\":\"ListItem\",\"position\":1,\"name\":\"Home\",\"item\":\"https:\/\/alpitools.com\/it\/home\/\"},{\"@type\":\"ListItem\",\"position\":2,\"name\":\"Protezione dei dati\"}]},{\"@type\":\"WebSite\",\"@id\":\"https:\/\/alpitools.com\/#website\",\"url\":\"https:\/\/alpitools.com\/\",\"name\":\"Alpitools\",\"description\":\"Ihr Partner f\u00fcr Diamant- und Werkzeugl\u00f6sungen\",\"publisher\":{\"@id\":\"https:\/\/alpitools.com\/#organization\"},\"potentialAction\":[{\"@type\":\"SearchAction\",\"target\":{\"@type\":\"EntryPoint\",\"urlTemplate\":\"https:\/\/alpitools.com\/?s={search_term_string}\"},\"query-input\":{\"@type\":\"PropertyValueSpecification\",\"valueRequired\":true,\"valueName\":\"search_term_string\"}}],\"inLanguage\":\"it-IT\"},{\"@type\":\"Organization\",\"@id\":\"https:\/\/alpitools.com\/#organization\",\"name\":\"Alpitools\",\"url\":\"https:\/\/alpitools.com\/\",\"logo\":{\"@type\":\"ImageObject\",\"inLanguage\":\"it-IT\",\"@id\":\"https:\/\/alpitools.com\/#\/schema\/logo\/image\/\",\"url\":\"https:\/\/alpitools.com\/wp-content\/uploads\/2024\/08\/Alpitools-Logo-1.png\",\"contentUrl\":\"https:\/\/alpitools.com\/wp-content\/uploads\/2024\/08\/Alpitools-Logo-1.png\",\"width\":310,\"height\":80,\"caption\":\"Alpitools\"},\"image\":{\"@id\":\"https:\/\/alpitools.com\/#\/schema\/logo\/image\/\"}}]}<\/script>\n<!-- \/ Yoast SEO plugin. -->","yoast_head_json":{"title":"Protezione dei dati - Alpitools","robots":{"index":"index","follow":"follow","max-snippet":"max-snippet:-1","max-image-preview":"max-image-preview:large","max-video-preview":"max-video-preview:-1"},"canonical":"https:\/\/alpitools.com\/it\/protezione-dei-dati\/","og_locale":"it_IT","og_type":"article","og_title":"Protezione dei dati - Alpitools","og_description":"Informativa sulla privacy Informativa sulla privacy Grazie mille per l&#8217;interesse dimostrato nei confronti della nostra azienda. {WEBSITE_NAME}La protezione dei dati ha una priorit\u00e0 particolarmente alta per la gestione del { }. {WEBSITE_NAME}L&#8217;utilizzo del sito web { } \u00e8 generalmente possibile senza fornire alcun dato personale. Tuttavia, se un soggetto interessato desidera usufruire di servizi speciali [&hellip;]","og_url":"https:\/\/alpitools.com\/it\/protezione-dei-dati\/","og_site_name":"Alpitools","article_modified_time":"2024-08-31T13:09:10+00:00","twitter_card":"summary_large_image","twitter_misc":{"Tempo di lettura stimato":"8 minuti"},"schema":{"@context":"https:\/\/schema.org","@graph":[{"@type":"WebPage","@id":"https:\/\/alpitools.com\/it\/protezione-dei-dati\/","url":"https:\/\/alpitools.com\/it\/protezione-dei-dati\/","name":"Protezione dei dati - Alpitools","isPartOf":{"@id":"https:\/\/alpitools.com\/#website"},"datePublished":"2024-06-10T09:10:41+00:00","dateModified":"2024-08-31T13:09:10+00:00","breadcrumb":{"@id":"https:\/\/alpitools.com\/it\/protezione-dei-dati\/#breadcrumb"},"inLanguage":"it-IT","potentialAction":[{"@type":"ReadAction","target":["https:\/\/alpitools.com\/it\/protezione-dei-dati\/"]}]},{"@type":"BreadcrumbList","@id":"https:\/\/alpitools.com\/it\/protezione-dei-dati\/#breadcrumb","itemListElement":[{"@type":"ListItem","position":1,"name":"Home","item":"https:\/\/alpitools.com\/it\/home\/"},{"@type":"ListItem","position":2,"name":"Protezione dei dati"}]},{"@type":"WebSite","@id":"https:\/\/alpitools.com\/#website","url":"https:\/\/alpitools.com\/","name":"Alpitools","description":"Ihr Partner f\u00fcr Diamant- und Werkzeugl\u00f6sungen","publisher":{"@id":"https:\/\/alpitools.com\/#organization"},"potentialAction":[{"@type":"SearchAction","target":{"@type":"EntryPoint","urlTemplate":"https:\/\/alpitools.com\/?s={search_term_string}"},"query-input":{"@type":"PropertyValueSpecification","valueRequired":true,"valueName":"search_term_string"}}],"inLanguage":"it-IT"},{"@type":"Organization","@id":"https:\/\/alpitools.com\/#organization","name":"Alpitools","url":"https:\/\/alpitools.com\/","logo":{"@type":"ImageObject","inLanguage":"it-IT","@id":"https:\/\/alpitools.com\/#\/schema\/logo\/image\/","url":"https:\/\/alpitools.com\/wp-content\/uploads\/2024\/08\/Alpitools-Logo-1.png","contentUrl":"https:\/\/alpitools.com\/wp-content\/uploads\/2024\/08\/Alpitools-Logo-1.png","width":310,"height":80,"caption":"Alpitools"},"image":{"@id":"https:\/\/alpitools.com\/#\/schema\/logo\/image\/"}}]}},"_links":{"self":[{"href":"https:\/\/alpitools.com\/it\/wp-json\/wp\/v2\/pages\/137","targetHints":{"allow":["GET"]}}],"collection":[{"href":"https:\/\/alpitools.com\/it\/wp-json\/wp\/v2\/pages"}],"about":[{"href":"https:\/\/alpitools.com\/it\/wp-json\/wp\/v2\/types\/page"}],"author":[{"embeddable":true,"href":"https:\/\/alpitools.com\/it\/wp-json\/wp\/v2\/users\/1"}],"replies":[{"embeddable":true,"href":"https:\/\/alpitools.com\/it\/wp-json\/wp\/v2\/comments?post=137"}],"version-history":[{"count":8,"href":"https:\/\/alpitools.com\/it\/wp-json\/wp\/v2\/pages\/137\/revisions"}],"predecessor-version":[{"id":3819,"href":"https:\/\/alpitools.com\/it\/wp-json\/wp\/v2\/pages\/137\/revisions\/3819"}],"wp:attachment":[{"href":"https:\/\/alpitools.com\/it\/wp-json\/wp\/v2\/media?parent=137"}],"curies":[{"name":"wp","href":"https:\/\/api.w.org\/{rel}","templated":true}]}}